{"id":2,"date":"2023-11-05T13:25:41","date_gmt":"2023-11-05T13:25:41","guid":{"rendered":"http:\/\/femstories.eu\/?page_id=2"},"modified":"2025-04-12T08:12:41","modified_gmt":"2025-04-12T08:12:41","slug":"o-mnie","status":"publish","type":"page","link":"https:\/\/femstories.eu\/index.php\/o-mnie\/","title":{"rendered":"O mnie"},"content":{"rendered":"\n<div class=\"wp-block-columns is-layout-flex wp-container-core-columns-is-layout-9d6595d7 wp-block-columns-is-layout-flex\">\n<div class=\"wp-block-column is-layout-flow wp-block-column-is-layout-flow\" style=\"flex-basis:33.33%\">\n<figure class=\"wp-block-image size-large is-resized\"><img loading=\"lazy\" decoding=\"async\" width=\"1024\" height=\"1024\" src=\"https:\/\/femstories.eu\/wp-content\/uploads\/2024\/11\/279735516_10219580926743143_2044901532973443760_n-1-1024x1024.jpg\" alt=\"\" class=\"wp-image-151\" style=\"width:471px;height:auto\" srcset=\"https:\/\/femstories.eu\/wp-content\/uploads\/2024\/11\/279735516_10219580926743143_2044901532973443760_n-1-1024x1024.jpg 1024w, https:\/\/femstories.eu\/wp-content\/uploads\/2024\/11\/279735516_10219580926743143_2044901532973443760_n-1-300x300.jpg 300w, https:\/\/femstories.eu\/wp-content\/uploads\/2024\/11\/279735516_10219580926743143_2044901532973443760_n-1-150x150.jpg 150w, https:\/\/femstories.eu\/wp-content\/uploads\/2024\/11\/279735516_10219580926743143_2044901532973443760_n-1-768x768.jpg 768w, https:\/\/femstories.eu\/wp-content\/uploads\/2024\/11\/279735516_10219580926743143_2044901532973443760_n-1.jpg 1440w\" sizes=\"auto, (max-width: 1024px) 100vw, 1024px\" \/><\/figure>\n<\/div>\n\n\n\n<div class=\"wp-block-column is-layout-flow wp-block-column-is-layout-flow\" style=\"flex-basis:60%\">\n<p class=\"has-medium-font-size\"><strong>Anka Kaznodziej &#8211; Fem.Stories Collages<\/strong><\/p>\n\n\n\n<p class=\"has-medium-font-size\">Jestem absolwentk\u0105 Akademii Sztuk Pieknych im. W\u0142adys\u0142awa Strzemi\u0144skiego w \u0141odzi, na wydziale sztuk wizualnych i Uniwersytetu \u0141\u00f3dzkiego, wydzia\u0142u Filozoficzno-Historycznego, na kierunku: Etnologia i antropologia kulturowa. W 2021 roku obroni\u0142am na ASP prac\u0119 magistersk\u0105 poruszaj\u0105c\u0105 zagadnienie AFAB dragu. Poszukiwania artystyczne \u0142\u0105cz\u0119 z antropologicznymi, szczeg\u00f3ln\u0105 uwag\u0119 po\u015bwi\u0119caj\u0105c herstoriom. Prowadz\u0119 i zbieram pog\u0142\u0119bione wywiady rozumiej\u0105ce z kobietami, a w warstwie wizualnej pos\u0142uguj\u0119 si\u0119 kola\u017cem, grafik\u0105 warsztatow\u0105 i mixmediami. Moje prace mo\u017cna by\u0142o jak dot\u0105d ogl\u0105da\u0107 m.in w Muzeum Sztuki w \u0141odzi (\u201cPoruszenie\u201d) czy w piotrkowskim ODA (Piotrkowskie Biennale Sztuki).<\/p>\n\n\n\n<p class=\"has-medium-font-size\">Od 2021 roku ilustruj\u0119 kobiece mikrohistorie za pomoc\u0105 kola\u017cu. Z my\u015bl\u0105 o tej dzia\u0142alno\u015bci powsta\u0142a marka Fem.Stories Collages w ramach kt\u00f3rej, obok tworzenia ilustracji, edukuj\u0119 i prowadz\u0119 warsztaty r\u0119kodzielnicze.<br><br>Od 2022 roku wyk\u0142adam m.in. Projektowanie UI i Podstawy projektowania produkt\u00f3w cyfrowych na Akademii Ekonomiczno-Humanistycznej w Warszawie.<\/p>\n\n\n\n<p> <\/p>\n<\/div>\n<\/div>\n\n\n\n<div class=\"wp-block-columns is-layout-flex wp-container-core-columns-is-layout-9d6595d7 wp-block-columns-is-layout-flex\"><\/div>\n","protected":false},"excerpt":{"rendered":"<p>Anka Kaznodziej &#8211; Fem.Stories Collages Jestem absolwentk\u0105 Akademii Sztuk Pieknych im. W\u0142adys\u0142awa Strzemi\u0144skiego w \u0141odzi, na wydziale sztuk wizualnych i Uniwersytetu \u0141\u00f3dzkiego, wydzia\u0142u Filozoficzno-Historycznego, na kierunku: Etnologia i antropologia kulturowa. W 2021 roku obroni\u0142am na ASP prac\u0119 magistersk\u0105 poruszaj\u0105c\u0105 zagadnienie AFAB dragu. Poszukiwania artystyczne \u0142\u0105cz\u0119 z antropologicznymi, szczeg\u00f3ln\u0105 uwag\u0119 po\u015bwi\u0119caj\u0105c herstoriom. Prowadz\u0119 i zbieram pog\u0142\u0119bione [&hellip;]<\/p>\n","protected":false},"author":1,"featured_media":0,"parent":0,"menu_order":0,"comment_status":"closed","ping_status":"closed","template":"","meta":{"footnotes":""},"class_list":["post-2","page","type-page","status-publish","hentry"],"_links":{"self":[{"href":"https:\/\/femstories.eu\/index.php\/wp-json\/wp\/v2\/pages\/2","targetHints":{"allow":["GET"]}}],"collection":[{"href":"https:\/\/femstories.eu\/index.php\/wp-json\/wp\/v2\/pages"}],"about":[{"href":"https:\/\/femstories.eu\/index.php\/wp-json\/wp\/v2\/types\/page"}],"author":[{"embeddable":true,"href":"https:\/\/femstories.eu\/index.php\/wp-json\/wp\/v2\/users\/1"}],"replies":[{"embeddable":true,"href":"https:\/\/femstories.eu\/index.php\/wp-json\/wp\/v2\/comments?post=2"}],"version-history":[{"count":11,"href":"https:\/\/femstories.eu\/index.php\/wp-json\/wp\/v2\/pages\/2\/revisions"}],"predecessor-version":[{"id":276,"href":"https:\/\/femstories.eu\/index.php\/wp-json\/wp\/v2\/pages\/2\/revisions\/276"}],"wp:attachment":[{"href":"https:\/\/femstories.eu\/index.php\/wp-json\/wp\/v2\/media?parent=2"}],"curies":[{"name":"wp","href":"https:\/\/api.w.org\/{rel}","templated":true}]}}