{"id":3,"date":"2023-11-05T13:25:41","date_gmt":"2023-11-05T13:25:41","guid":{"rendered":"http:\/\/femstories.eu\/?page_id=3"},"modified":"2024-11-04T15:01:06","modified_gmt":"2024-11-04T15:01:06","slug":"privacy-policy","status":"publish","type":"page","link":"https:\/\/femstories.eu\/index.php\/privacy-policy\/","title":{"rendered":"Polityka prywatno\u015bci"},"content":{"rendered":"\n<h3 class=\"wp-block-heading\"><strong>1. Wst\u0119p<\/strong><\/h3>\n\n\n\n<p>1.1 Zobowi\u0105zuj\u0119 si\u0119 do ochrony prywatno\u015bci os\u00f3b odwiedzaj\u0105cych moj\u0105 stron\u0119 internetow\u0105. Jest to dla mnie kwestia bardzo wa\u017cna i przyk\u0142adam do tego nale\u017cyt\u0105 wag\u0119. Poni\u017cej szczeg\u00f3\u0142owo opisuj\u0119 w jaki spos\u00f3b przetwarzam Twoje dane osobowe.<\/p>\n\n\n\n<p>1.2 Niniejsza polityka ma zastosowanie, w odniesieniu do danych osobowych w\/w os\u00f3b, gdy ustalam cele i sposoby przetwarzania tych danych osobowych.<\/p>\n\n\n\n<p>1.3 Moja strona internetowa zawiera mechanizmy kontroli prywatno\u015bci, kt\u00f3re wp\u0142ywaj\u0105 na spos\u00f3b, w jaki b\u0119d\u0119 przetwarza\u0107 Twoje dane osobowe. Korzystaj\u0105c z kontroli prywatno\u015bci, mo\u017cesz okre\u015bli\u0107, czy chcesz otrzymywa\u0107 bezpo\u015brednie komunikaty marketingowe oraz ograniczy\u0107 zbieranie, udost\u0119pnianie i publikowanie swoich danych osobowych. <\/p>\n\n\n\n<p>1.4 Na mojej stronie u\u017cywam plik\u00f3w cookie. O ile te pliki cookie nie s\u0105 bezwzgl\u0119dnie konieczne do \u015bwiadczenia us\u0142ug, poprosz\u0119 Ci\u0119 o wyra\u017cenie zgody na u\u017cywanie plik\u00f3w cookie przy pierwszej wizycie na stronie internetowej.<\/p>\n\n\n\n<p>1.5 W niniejszej polityce \u201eja\u201d, \u201emnie\u201d i \u201emoja\u201d odnosz\u0105 si\u0119 do: \u0141\u00f3dzka Grupa Kreatywna Anna Kaznodziej z siedzib\u0105 w \u0141odzi przy ulicy Kili\u0144skiego 136A\/25, 90-316. NIP: 7282501773 REGON: 101574237, zwanym dalej \u201eUs\u0142ugodawc\u0105\u201d.<\/p>\n\n\n\n<h3 class=\"wp-block-heading\"><strong>2. Prawa autorskie<\/strong><\/h3>\n\n\n\n<p>Ten dokument zosta\u0142 utworzony przy u\u017cyciu szablonu firmy Docular (<a href=\"https:\/\/seqlegal.com\/free-legal-documents\/privacy-policy).\">https:\/\/seqlegal.com\/free-legal-documents\/privacy-policy).<\/a><\/p>\n\n\n\n<h3 class=\"wp-block-heading\"><strong>3. Dane osobowe, kt\u00f3re zbieram<\/strong><\/h3>\n\n\n\n<p>3.1 W niniejszej Sekcji 3 okre\u015blam og\u00f3lne kategorie danych osobowych, kt\u00f3re przetwarzam.&nbsp;&nbsp;<\/p>\n\n\n\n<p>3.2 Mog\u0119 przetwarza\u0107 dane umo\u017cliwiaj\u0105ce kontakt z Tob\u0105 (\u201edane kontaktowe\u201d). Dane kontaktowe mog\u0105 obejmowa\u0107 Twoje imi\u0119 i nazwisko, adres e-mail, numer telefonu, adres pocztowy i\/lub identyfikatory konta w mediach spo\u0142eczno\u015bciowych. \u017br\u00f3d\u0142em danych kontaktowych jeste\u015b Ty i\/lub osoba z Tob\u0105 zwi\u0105zana \u2013 np w przypadku zam\u00f3wie\u0144 na prezent. Je\u015bli zalogujesz si\u0119 na mojej stronie internetowej za pomoc\u0105 konta w portalu spo\u0142eczno\u015bciowym, pozyskam elementy danych kontaktowych od odpowiedniego dostawcy konta w tym\u017ce portalu.&nbsp;&nbsp;<\/p>\n\n\n\n<p>3.3 W ramach wyra\u017conej zgody mog\u0119 przetwarza\u0107 Twoje dane (\u201edane konta\u201d). Dane konta mog\u0105 zawiera\u0107 identyfikator konta, imi\u0119 i nazwisko, adres e-mail, nazw\u0119 firmy, daty utworzenia i modyfikacji konta, ustawienia witryny i preferencje marketingowe. Podstawowym \u017ar\u00f3d\u0142em danych konta jeste\u015b Ty, chocia\u017c niekt\u00f3re elementy danych konta mog\u0105 by\u0107 generowane przez moj\u0105 witryn\u0119 internetow\u0105. Je\u015bli zalogujesz si\u0119 do mojej witryny za pomoc\u0105 konta w mediach spo\u0142eczno\u015bciowych , pozyskam elementy danych kontaktowych od odpowiedniego dostawcy konta w tym\u017ce portalu.&nbsp;&nbsp;<\/p>\n\n\n\n<p>3.4 Mog\u0119 przetwarza\u0107 informacje dotycz\u0105ce transakcji, w tym zakup\u00f3w towar\u00f3w i\/lub us\u0142ug, kt\u00f3re zawierasz ze mn\u0105 za po\u015brednictwem mojej strony internetowej (\u201edane transakcyjne\u201d). Dane transakcyjne mog\u0105 obejmowa\u0107: Twoje imi\u0119 i nazwisko, Twoje dane kontaktowe, dane karty p\u0142atniczej (lub inne dane dotycz\u0105ce p\u0142atno\u015bci) oraz szczeg\u00f3\u0142y transakcji. \u0179r\u00f3d\u0142em danych transakcji jeste\u015b Ty.&nbsp;&nbsp;<\/p>\n\n\n\n<p>3.5 Mog\u0119 przetwarza\u0107 informacje zawarte lub odnosz\u0105ce si\u0119 do jakiejkolwiek komunikacji, kt\u00f3r\u0105 do mnie kierujesz lub kt\u00f3r\u0105 wysy\u0142am do Ciebie] (\u201edane komunikacyjne\u201d). Dane komunikacyjne mog\u0105 obejmowa\u0107 tre\u015b\u0107 komunikacji i metadane zwi\u0105zane z komunikacj\u0105. Moja strona internetowa wygeneruje metadane zwi\u0105zane z komunikacj\u0105 prowadzon\u0105 za pomoc\u0105 formularzy kontaktowych witryny.&nbsp;&nbsp;<\/p>\n\n\n\n<p>3.6 Mog\u0119 przetwarza\u0107 dane dotycz\u0105ce korzystania przez Ciebie z naszej strony internetowej i us\u0142ug (\u201edane dotycz\u0105ce u\u017cytkowania\u201d). Dane dotycz\u0105ce u\u017cytkowania mog\u0105 obejmowa\u0107 Tw\u00f3j adres IP, lokalizacj\u0119 geograficzn\u0105, typ i wersj\u0119 przegl\u0105darki, system operacyjny, \u017ar\u00f3d\u0142o skierowania, d\u0142ugo\u015b\u0107 wizyty, ods\u0142ony i \u015bcie\u017cki nawigacji w witrynie, a tak\u017ce informacje o czasie, cz\u0119stotliwo\u015bci i wzorcu korzystania z us\u0142ug. \u0179r\u00f3d\u0142em danych o u\u017cytkowaniu jest m\u00f3j analityczny system \u015bledzenia.<\/p>\n\n\n\n<h3 class=\"wp-block-heading\"><strong>4. Cele przetwarzania i podstawy prawne<\/strong><\/h3>\n\n\n\n<p>4.1 W niniejszej sekcji okre\u015bli\u0142am cele, dla kt\u00f3rych mog\u0119 przetwarza\u0107 dane osobowe oraz podstawy prawne przetwarzania.&nbsp;&nbsp;<\/p>\n\n\n\n<p>4.2 Operacje \u2013 Mog\u0119 przetwarza\u0107 Twoje dane osobowe w celu obs\u0142ugi mojej strony internetowej, przetwarzania i realizacji zam\u00f3wie\u0144, \u015bwiadczenia us\u0142ug, dostarczania towar\u00f3w, generowania faktur, rachunk\u00f3w i innej dokumentacji zwi\u0105zanej z p\u0142atno\u015bciami. Podstaw\u0105 tego przetwarzania s\u0105 prawnie uzasadnione interesy, a mianowicie: w\u0142a\u015bciwe administrowanie stron\u0105 internetow\u0105, us\u0142ugami i dzia\u0142alno\u015bci\u0105 LUB wykonanie umowy mi\u0119dzy Tob\u0105, a mn\u0105.&nbsp;&nbsp;<\/p>\n\n\n\n<p>4.3 Relacje i komunikacja \u2013 Mog\u0119 przetwarza\u0107 dane kontaktowe, dane konta, dane transakcji i\/lub dane dotycz\u0105ce komunikacji w celu zarz\u0105dzania naszymi relacjami, komunikowania si\u0119 z Tob\u0105 (z wy\u0142\u0105czeniem komunikacji w celach marketingu bezpo\u015bredniego) za po\u015brednictwem poczty elektronicznej, SMS-\u00f3w, poczta i\/lub telefon, \u015bwiadczenie us\u0142ug wsparcia i rozpatrywanie reklamacji. Podstaw\u0105 tego przetwarzania jest komunikacja z odwiedzaj\u0105cymi moj\u0105 stron\u0119 internetow\u0105, u\u017cytkownikami us\u0142ug, klientami indywidualnymi i utrzymywanie relacji oraz w\u0142a\u015bciwe administrowanie stron\u0105 internetow\u0105, us\u0142ugami i dzia\u0142alno\u015bci\u0105.&nbsp;&nbsp;<\/p>\n\n\n\n<p>4.4 Marketing bezpo\u015bredni \u2013 Mog\u0119 przetwarza\u0107 dane kontaktowe, dane konta i\/lub dane transakcji w celu tworzenia, ukierunkowania i wysy\u0142ania komunikat\u00f3w marketingu bezpo\u015bredniego poczt\u0105 elektroniczn\u0105 (np. newsletter, informacje o promocjach). Podstaw\u0105 takiego przetwarzania jest promowanie firmy i przekazywanie wiadomo\u015bci marketingowych i ofert do odwiedzaj\u0105cych stron\u0119 internetow\u0105 i u\u017cytkownik\u00f3w us\u0142ug.&nbsp;&nbsp;<\/p>\n\n\n\n<p>4.5 Badania i analizy \u2013 Mog\u0119 przetwarza\u0107 dane u\u017cytkowania i\/lub dane transakcji w celach badania i analizy korzystania z mojej strony internetowej i us\u0142ug, a tak\u017ce badania i analizowania innych interakcji z moj\u0105 firm\u0105. Podstaw\u0105 takiego przetwarzania jest monitorowanie, wspieranie, ulepszanie i zabezpieczanie strony internetowej, us\u0142ug i dzia\u0142alno\u015bci w og\u00f3le.&nbsp;&nbsp;<\/p>\n\n\n\n<p>4.6 Prowadzenie dokumentacji \u2013 Mog\u0119 przetwarza\u0107 Twoje dane osobowe w celach tworzenia i utrzymywania moich baz danych, kopii zapasowych baz danych i og\u00f3lnie mojej dokumentacji biznesowej. Podstaw\u0105 tego przetwarzania jest zapewnienie dost\u0119pu do wszystkich informacji potrzebnych do prawid\u0142owego i wydajnego prowadzenia dzia\u0142alno\u015bci zgodnie z niniejsz\u0105 polityk\u0105.&nbsp;&nbsp;<\/p>\n\n\n\n<p>4.7 Bezpiecze\u0144stwo \u2013 Mo\u017cemy przetwarza\u0107 Twoje dane osobowe w celach bezpiecze\u0144stwa i zapobiegania oszustwom i innej dzia\u0142alno\u015bci przest\u0119pczej. Podstaw\u0105 tego przetwarzania s\u0105 nasze uzasadnione interesy, a mianowicie ochrona naszej strony internetowej, us\u0142ug i biznesu oraz ochrona innych.&nbsp;&nbsp;<\/p>\n\n\n\n<p>4.8 Ubezpieczenie i zarz\u0105dzanie ryzykiem \u2013 Mog\u0119 przetwarza\u0107 Twoje dane osobowe, gdy jest to konieczne do cel\u00f3w uzyskania lub utrzymania ochrony ubezpieczeniowej, zarz\u0105dzania ryzykiem i\/lub uzyskania profesjonalnej porady. Podstaw\u0105 tego przetwarzania s\u0105 moje prawnie uzasadnione interesy, a mianowicie w\u0142a\u015bciwa ochrona naszej dzia\u0142alno\u015bci przed ryzykiem.&nbsp;&nbsp;<\/p>\n\n\n\n<p>4.9 Roszczenia prawne \u2013 Mog\u0119 przetwarza\u0107 Twoje dane osobowe, gdy jest to konieczne do ustalenia, dochodzenia lub obrony roszcze\u0144 prawnych, zar\u00f3wno w post\u0119powaniu s\u0105dowym, jak i w post\u0119powaniu administracyjnym lub pozas\u0105dowym. Podstaw\u0105 tego przetwarzania s\u0105 uzasadnione interesy, a mianowicie ochrona i dochodzenie moich praw, Twoich praw i praw innych os\u00f3b.&nbsp;&nbsp;<\/p>\n\n\n\n<p>4.10 Zgodno\u015b\u0107 z prawem i \u017cywotne interesy \u2013 Mog\u0119 r\u00f3wnie\u017c przetwarza\u0107 Twoje dane osobowe, je\u015bli takie przetwarzanie jest niezb\u0119dne do wype\u0142nienia obowi\u0105zku prawnego, kt\u00f3remu podlegamy, lub w celu ochrony Twoich \u017cywotnych interes\u00f3w lub \u017cywotnych interes\u00f3w innej osoby fizycznej.<\/p>\n\n\n\n<h3 class=\"wp-block-heading\"><strong>5. Udost\u0119pnianie danych osobowych innym osobom<\/strong><\/h3>\n\n\n\n<p>5.1 Mog\u0119 ujawni\u0107 Twoje dane osobowe moim ubezpieczycielom i\/lub profesjonalnym doradcom w zakresie, w jakim jest to uzasadnione do cel\u00f3w uzyskania lub utrzymania ochrony ubezpieczeniowej, zarz\u0105dzania ryzykiem, uzyskania profesjonalnej porady.<\/p>\n\n\n\n<p>5.2 Twoje dane osobowe przechowywane w mojej bazie danych witryny i b\u0119d\u0105 przechowywane na serwerach moich dostawc\u00f3w us\u0142ug hostingowych zidentyfikowanych pod adresem\u00a0<a href=\"https:\/\/www.ovhcloud.com\/pl\/\">https:\/\/www.ovhcloud.com\/pl\/<\/a><\/p>\n\n\n\n<p>5.3 Transakcje finansowe zwi\u0105zane z moj\u0105 stron\u0105 internetow\u0105 i us\u0142ugami s\u0105 obs\u0142ugiwane przez dostawc\u00f3w us\u0142ug p\u0142atniczych, Przelewy24<strong>.<\/strong>&nbsp;B\u0119d\u0119 udost\u0119pnia\u0107 dane transakcji moim dostawcom us\u0142ug p\u0142atniczych tylko w zakresie niezb\u0119dnym do cel\u00f3w przetwarzania Twoich p\u0142atno\u015bci, zwrotu takich p\u0142atno\u015bci oraz rozpatrywania skarg i zapyta\u0144 zwi\u0105zanych z takimi p\u0142atno\u015bciami i zwrotami. Informacje o polityce prywatno\u015bci i praktykach dostawc\u00f3w us\u0142ug p\u0142atniczych mo\u017cna znale\u017a\u0107 pod adresem https:\/\/www.przelewy24.pl\/polityka-plikow-cookies<\/p>\n\n\n\n<p>5.4 Opr\u00f3cz konkretnych ujawnie\u0144 danych osobowych, o kt\u00f3rych mowa w niniejszej sekcji 5, mog\u0119 ujawni\u0107 Twoje dane osobowe, je\u015bli takie ujawnienie jest konieczne do wype\u0142nienia obowi\u0105zku prawnego, kt\u00f3remu podlegam, lub w celu ochrony Twoich \u017cywotnych interes\u00f3w lub \u017cywotnych interes\u00f3w innej osoby fizycznej. Mog\u0119 r\u00f3wnie\u017c ujawni\u0107 Twoje dane osobowe, je\u015bli takie ujawnienie jest niezb\u0119dne do ustalenia, dochodzenia lub obrony roszcze\u0144, zar\u00f3wno w post\u0119powaniu s\u0105dowym, jak i w post\u0119powaniu administracyjnym lub pozas\u0105dowym.<\/p>\n\n\n\n<h3 class=\"wp-block-heading\"><strong>6. Przechowywanie i usuwanie danych osobowych<\/strong><\/h3>\n\n\n\n<p>6.1 Niniejsza sekcja 7 okre\u015bla zasady i procedury dotycz\u0105ce przechowywania danych, kt\u00f3re maj\u0105 na celu zapewnienie przestrzegania moich zobowi\u0105za\u0144 prawnych w odniesieniu do przechowywania i usuwania danych osobowych.<\/p>\n\n\n\n<p>6.2 Dane osobowe, kt\u00f3re przetwarzam w jakimkolwiek celu, nie b\u0119d\u0105 przechowywane d\u0142u\u017cej, ni\u017c jest to konieczne do tego celu.<\/p>\n\n\n\n<p>6.3 Twoje dane osobowe z listy poni\u017cej b\u0119d\u0119 przechowywa\u0107 przez minimalny okres 1 roku od daty ostatniego kontaktu mi\u0119dzy Tob\u0105, a mn\u0105 i przez maksymalny okres: do wycofania zgody:<\/p>\n\n\n\n<ul class=\"wp-block-list\">\n<li>dane kontaktowe<\/li>\n\n\n\n<li>dane rachunku\u00a0<\/li>\n\n\n\n<li>dane dotycz\u0105ce transakcji<\/li>\n\n\n\n<li>dane dotycz\u0105ce komunikacji\u00a0<\/li>\n\n\n\n<li>Dane dotycz\u0105ce u\u017cytkowania<\/li>\n<\/ul>\n\n\n\n<p>&nbsp;6.4 Niezale\u017cnie od innych postanowie\u0144 niniejszego punktu 6, mog\u0119 zachowa\u0107 Twoje dane osobowe, je\u017celi takie przechowywanie jest konieczne do wype\u0142nienia obowi\u0105zku prawnego, kt\u00f3remu podlegam, lub w celu ochrony Twoich \u017cywotnych interes\u00f3w lub \u017cywotnych interes\u00f3w innej osoby fizycznej.<\/p>\n\n\n\n<h3 class=\"wp-block-heading\"><strong>7. Twoje prawa<\/strong><\/h3>\n\n\n\n<p>7.1 W tej sekcji wymieniam prawa, kt\u00f3re przys\u0142uguj\u0105 Ci na mocy przepis\u00f3w o ochronie danych.<\/p>\n\n\n\n<p>7.2 Twoje g\u0142\u00f3wne prawa wynikaj\u0105ce z przepis\u00f3w o ochronie danych to:<\/p>\n\n\n\n<ul class=\"wp-block-list\">\n<li>prawo dost\u0119pu \u2013 mo\u017cesz poprosi\u0107 o kopie swoich danych osobowych;<\/li>\n\n\n\n<li>prawo do sprostowania \u2013 mo\u017cesz zwr\u00f3ci\u0107 si\u0119 do mnie o sprostowanie niedok\u0142adnych danych osobowych oraz o uzupe\u0142nienie niekompletnych danych osobowych;<\/li>\n\n\n\n<li>prawo do usuni\u0119cia \u2013 mo\u017cesz poprosi\u0107 mnie o usuni\u0119cie Twoich danych osobowych;<\/li>\n\n\n\n<li>prawo do ograniczenia przetwarzania \u2013 mo\u017cesz poprosi\u0107 mnie o ograniczenie przetwarzania Twoich danych osobowych;<\/li>\n\n\n\n<li>prawo do sprzeciwu wobec przetwarzania \u2013 mo\u017cesz sprzeciwi\u0107 si\u0119 przetwarzaniu Twoich danych osobowych;<\/li>\n\n\n\n<li>prawo do przenoszenia danych \u2013 mo\u017cesz poprosi\u0107 o przeniesienie Twoich danych osobowych do innej organizacji lub do Ciebie;<\/li>\n\n\n\n<li>prawo do wniesienia skargi do organu nadzorczego \u2013 mo\u017cesz z\u0142o\u017cy\u0107 skarg\u0119 na przetwarzanie przeze mnie Twoich danych osobowych; oraz<\/li>\n\n\n\n<li>prawo do wycofania zgody \u2013 w zakresie, w jakim podstaw\u0105 prawn\u0105 przetwarzania przeze mnie Twoich danych osobowych jest zgoda, mo\u017cesz t\u0119 zgod\u0119 wycofa\u0107.<\/li>\n<\/ul>\n\n\n\n<p>7.3 Prawa te podlegaj\u0105 pewnym ograniczeniom i wyj\u0105tkom. Mo\u017cesz dowiedzie\u0107 si\u0119 wi\u0119cej o prawach os\u00f3b, kt\u00f3rych dane dotycz\u0105, odwiedzaj\u0105c stron\u0119 [<a href=\"https:\/\/edpb.europa.eu\/our-work-tools\/general-guidance\/gdpr-guidelines-recommendations-best-practices_en\">https:\/\/edpb.europa.eu\/our-work-tools\/general-guidance\/gdpr-guidelines-recommendations-best-practices_en<\/a>&nbsp;i<a href=\"https:\/\/ico.org.uk\/for-organisations\/guide-to-data-protection\/guide-to-the-general-data-protection-regulation-gdpr\/individual-rights\/].\">&nbsp;https:\/\/ico.org.uk\/for-organisations\/guide-to-data-protection\/guide-to-the-general-data-protection-regulation-gdpr\/individual-rights\/].<\/a><\/p>\n\n\n\n<p>7.4 Mo\u017cesz skorzysta\u0107 ze swoich praw w odniesieniu do swoich danych osobowych za pisemnym powiadomieniem, korzystaj\u0105c z danych kontaktowych podanych poni\u017cej.<\/p>\n\n\n\n<h3 class=\"wp-block-heading\"><strong>8. Ciasteczka<\/strong><\/h3>\n\n\n\n<p>8.1 Plik cookie (ciasteczko) to plik zawieraj\u0105cy identyfikator (ci\u0105g liter i cyfr), kt\u00f3ry jest wysy\u0142any przez serwer sieciowy do przegl\u0105darki internetowej i przechowywany przez przegl\u0105dark\u0119. Identyfikator jest nast\u0119pnie odsy\u0142any do serwera za ka\u017cdym razem, gdy przegl\u0105darka \u017c\u0105da strony z serwera.<\/p>\n\n\n\n<p>8.2 Pliki cookie mog\u0105 by\u0107 \u201etrwa\u0142ymi\u201d plikami cookie lub \u201esesyjnymi\u201d plikami cookie: trwa\u0142y plik cookie b\u0119dzie przechowywany przez przegl\u0105dark\u0119 internetow\u0105 i pozostanie wa\u017cny do ustalonej daty wyga\u015bni\u0119cia, chyba \u017ce u\u017cytkownik usunie go przed dat\u0105 wyga\u015bni\u0119cia; natomiast sesyjny plik cookie wygasa pod koniec sesji u\u017cytkownika, gdy przegl\u0105darka internetowa jest zamkni\u0119ta.<\/p>\n\n\n\n<p>8.3 Pliki cookie nie mog\u0105 zawiera\u0107 \u017cadnych informacji umo\u017cliwiaj\u0105cych identyfikacj\u0119 u\u017cytkownika, ale dane osobowe, kt\u00f3re przechowuj\u0119 o Tobie, mog\u0105 by\u0107 powi\u0105zane z informacjami przechowywanymi w plikach cookie i uzyskiwanymi z nich.<\/p>\n\n\n\n<h3 class=\"wp-block-heading\"><strong>9. Pliki cookie, kt\u00f3rych u\u017cywam<\/strong><\/h3>\n\n\n\n<p>9.1 U\u017cywam plik\u00f3w cookie w nast\u0119puj\u0105cych celach:<\/p>\n\n\n\n<ul class=\"wp-block-list\">\n<li>uwierzytelnianie i status \u2013 u\u017cywam plik\u00f3w cookie w celu identyfikacji u\u017cytkownika podczas odwiedzania witryny i poruszania si\u0119 po niej oraz w celu ustalenia, czy u\u017cytkownik jest zalogowany na mojej stronie internetowej;<\/li>\n\n\n\n<li>koszyk \u2013 u\u017cywam plik\u00f3w cookie, aby utrzyma\u0107 stan Twojego koszyka podczas przegl\u0105dania strony internetowej;<\/li>\n\n\n\n<li>personalizacja \u2013 u\u017cywam plik\u00f3w cookies do przechowywania informacji o Twoich preferencjach i personalizacji strony internetowej dla Ciebie;<\/li>\n\n\n\n<li>bezpiecze\u0144stwo \u2013 stosuj\u0119 pliki cookies jako element \u015brodk\u00f3w bezpiecze\u0144stwa stosowanych w celu ochrony kont u\u017cytkownik\u00f3w, w tym zapobiegania nieuczciwemu wykorzystywaniu danych logowania oraz og\u00f3lnie do ochrony strony internetowej i us\u0142ug;<\/li>\n\n\n\n<li>reklamowe \u2013 u\u017cywam plik\u00f3w cookie aby pom\u00f3c wy\u015bwietla\u0107 reklamy, kt\u00f3re b\u0119d\u0105 dla Ciebie odpowiednie;<\/li>\n\n\n\n<li>analiza \u2013 u\u017cywam plik\u00f3w cookie aby pom\u00f3c w analizie wykorzystania i wydajno\u015bci strony internetowej i us\u0142ug;<\/li>\n\n\n\n<li>zgoda na pliki cookie \u2013 u\u017cywam plik\u00f3w cookie w celu przechowywania Twoich preferencji w odniesieniu do korzystania z plik\u00f3w cookie szerzej.<\/li>\n<\/ul>\n\n\n\n<h3 class=\"wp-block-heading\"><strong>10. Pliki cookie u\u017cywane przez moich us\u0142ugodawc\u00f3w<\/strong><\/h3>\n\n\n\n<p>10.1 Podmioty \u015bwiadcz\u0105ce dla mnie us\u0142ugi u\u017cywaj\u0105 plik\u00f3w cookie i te pliki cookie mog\u0105 by\u0107 przechowywane na Twoim komputerze podczas odwiedzania mojej witryny.<\/p>\n\n\n\n<p>10.2 U\u017cywam Google Analytics. Google Analytics gromadzi informacje o korzystaniu z mojej strony internetowej za pomoc\u0105 plik\u00f3w cookie. Zebrane informacje s\u0142u\u017c\u0105 do tworzenia raport\u00f3w dotycz\u0105cych korzystania z w\/w strony internetowej. Mo\u017cesz dowiedzie\u0107 si\u0119 wi\u0119cej o wykorzystywaniu informacji przez Google, odwiedzaj\u0105c stron\u0119 https:\/\/www.google.com\/policies\/privacy\/partners\/ i zapozna\u0107 si\u0119 z polityk\u0105 prywatno\u015bci Google pod adresem https:\/\/policies.google.com\/privacy.<\/p>\n\n\n\n<h3 class=\"wp-block-heading\"><strong>11. Zarz\u0105dzanie plikami cookie<\/strong><\/h3>\n\n\n\n<p>11.1 Wi\u0119kszo\u015b\u0107 przegl\u0105darek umo\u017cliwia odmow\u0119 akceptowania plik\u00f3w cookie i usuwanie plik\u00f3w cookie. Sposoby wykonania tego r\u00f3\u017cni\u0105 si\u0119 w zale\u017cno\u015bci od przegl\u0105darki i wersji. Mo\u017cesz jednak uzyska\u0107 aktualne informacje o blokowaniu i usuwaniu plik\u00f3w cookie za po\u015brednictwem tych link\u00f3w:<\/p>\n\n\n\n<ul class=\"wp-block-list\">\n<li>https:\/\/support.google.com\/chrome\/answer\/95647 (Chrome);<\/li>\n\n\n\n<li>https:\/\/support.mozilla.org\/en-US\/kb\/enhanced-tracking-protection-firefox-desktop (Firefox);<\/li>\n\n\n\n<li>https:\/\/help.opera.com\/en\/latest\/security-and-privacy\/ (Opera);<\/li>\n\n\n\n<li>https:\/\/support.microsoft.com\/en-gb\/help\/17442\/windows-internet-explorer-delete-manage-cookies (Internet Explorer);<\/li>\n\n\n\n<li>https:\/\/support.apple.com\/en-gb\/guide\/safari\/manage-cookies-and-website-data-sfri11471\/mac (Safari);<\/li>\n\n\n\n<li>https:\/\/support.microsoft.com\/en-gb\/help\/4468242\/microsoft-edge-browsing-data-and-privacy (Edge)<\/li>\n<\/ul>\n\n\n\n<p>11.2 Zablokowanie wszystkich plik\u00f3w cookie b\u0119dzie mia\u0142o negatywny wp\u0142yw na u\u017cyteczno\u015b\u0107 wielu stron internetowych.<\/p>\n\n\n\n<p>11.3 Je\u015bli zablokujesz pliki cookie, nie b\u0119dziesz m\u00f3g\u0142 korzysta\u0107 ze wszystkich funkcji niniejszej witryny.<\/p>\n\n\n\n<h3 class=\"wp-block-heading\"><strong>12. Poprawki<\/strong><\/h3>\n\n\n\n<p>12.1 Od czasu do czasu mog\u0119 aktualizowa\u0107 t\u0119 polityk\u0119, publikuj\u0105c now\u0105 wersj\u0119 na niniejszej stronie internetowej.<\/p>\n\n\n\n<p>12.2 Powiniene\u015b od czasu do czasu sprawdza\u0107 t\u0119 stron\u0119, aby upewni\u0107 si\u0119, \u017ce jeste\u015b zadowolony z wszelkich zmian w tej polityce.<\/p>\n\n\n\n<p>12.3 B\u0119d\u0119 powiadamia\u0107 Ci\u0119 o istotnych zmianach niniejszej polityki poczt\u0105 elektroniczn\u0105.<\/p>\n\n\n\n<h3 class=\"wp-block-heading\"><strong>13. Moje dane<\/strong><\/h3>\n\n\n\n<p>13.1 Ta strona internetowa jest w\u0142asno\u015bci\u0105 i jest obs\u0142ugiwana przez \u0141\u00f3dzka Grupa Kreatywna Anna Kaznodziej z siedzib\u0105 w \u0141odzi przy ulicy Kili\u0144skiego 136A\/25, 90-316. NIP: 7282501773 REGON: 101574237<\/p>\n\n\n\n<p>13.2 Moje g\u0142\u00f3wne miejsce prowadzenia dzia\u0142alno\u015bci znajduje si\u0119 pod adresem Kili\u0144skiego 136A\/25, 90-316 \u0141\u00f3d\u017a<\/p>\n\n\n\n<p>13.3 Mo\u017cesz skontaktowa\u0107 si\u0119 ze mn\u0105:<\/p>\n\n\n\n<ul class=\"wp-block-list\">\n<li>poczt\u0105 na adres pocztowy podany powy\u017cej,<\/li>\n\n\n\n<li>poczt\u0105 elektroniczn\u0105, korzystaj\u0105c z adresu e-mail opublikowanego na niniejszej stronie internetowej w sekcji Kontakt: femstories.collages@gmail.com<\/li>\n<\/ul>\n\n\n\n<p><\/p>\n","protected":false},"excerpt":{"rendered":"<p>1. Wst\u0119p 1.1 Zobowi\u0105zuj\u0119 si\u0119 do ochrony prywatno\u015bci os\u00f3b odwiedzaj\u0105cych moj\u0105 stron\u0119 internetow\u0105. Jest to dla mnie kwestia bardzo wa\u017cna i przyk\u0142adam do tego nale\u017cyt\u0105 wag\u0119. Poni\u017cej szczeg\u00f3\u0142owo opisuj\u0119 w jaki spos\u00f3b przetwarzam Twoje dane osobowe. 1.2 Niniejsza polityka ma zastosowanie, w odniesieniu do danych osobowych w\/w os\u00f3b, gdy ustalam cele i sposoby przetwarzania tych [&hellip;]<\/p>\n","protected":false},"author":1,"featured_media":0,"parent":0,"menu_order":0,"comment_status":"closed","ping_status":"closed","template":"","meta":{"footnotes":""},"class_list":["post-3","page","type-page","status-publish","hentry"],"_links":{"self":[{"href":"https:\/\/femstories.eu\/index.php\/wp-json\/wp\/v2\/pages\/3","targetHints":{"allow":["GET"]}}],"collection":[{"href":"https:\/\/femstories.eu\/index.php\/wp-json\/wp\/v2\/pages"}],"about":[{"href":"https:\/\/femstories.eu\/index.php\/wp-json\/wp\/v2\/types\/page"}],"author":[{"embeddable":true,"href":"https:\/\/femstories.eu\/index.php\/wp-json\/wp\/v2\/users\/1"}],"replies":[{"embeddable":true,"href":"https:\/\/femstories.eu\/index.php\/wp-json\/wp\/v2\/comments?post=3"}],"version-history":[{"count":4,"href":"https:\/\/femstories.eu\/index.php\/wp-json\/wp\/v2\/pages\/3\/revisions"}],"predecessor-version":[{"id":188,"href":"https:\/\/femstories.eu\/index.php\/wp-json\/wp\/v2\/pages\/3\/revisions\/188"}],"wp:attachment":[{"href":"https:\/\/femstories.eu\/index.php\/wp-json\/wp\/v2\/media?parent=3"}],"curies":[{"name":"wp","href":"https:\/\/api.w.org\/{rel}","templated":true}]}}