{"id":40,"date":"2023-11-05T18:57:21","date_gmt":"2023-11-05T18:57:21","guid":{"rendered":"https:\/\/femstories.eu\/?page_id=40"},"modified":"2023-12-07T12:37:04","modified_gmt":"2023-12-07T12:37:04","slug":"sklep","status":"publish","type":"page","link":"https:\/\/femstories.eu\/index.php\/sklep\/","title":{"rendered":"Sklep"},"content":{"rendered":"\n<p class=\"has-text-align-center\">M\u00f3j sklep znajdziesz teraz na platformie Pakamera, <a href=\"https:\/\/www.pakamera.pl\/fem-stories-0_s12717124.htm\" data-type=\"link\" data-id=\"https:\/\/www.pakamera.pl\/fem-stories-0_s12717124.htm\">wystarczy klikn\u0105\u0107 tu<\/a>.<\/p>\n","protected":false},"excerpt":{"rendered":"<p>M\u00f3j sklep znajdziesz teraz na platformie Pakamera, wystarczy klikn\u0105\u0107 tu.<\/p>\n","protected":false},"author":1,"featured_media":0,"parent":0,"menu_order":0,"comment_status":"closed","ping_status":"closed","template":"","meta":{"footnotes":""},"class_list":["post-40","page","type-page","status-publish","hentry"],"_links":{"self":[{"href":"https:\/\/femstories.eu\/index.php\/wp-json\/wp\/v2\/pages\/40","targetHints":{"allow":["GET"]}}],"collection":[{"href":"https:\/\/femstories.eu\/index.php\/wp-json\/wp\/v2\/pages"}],"about":[{"href":"https:\/\/femstories.eu\/index.php\/wp-json\/wp\/v2\/types\/page"}],"author":[{"embeddable":true,"href":"https:\/\/femstories.eu\/index.php\/wp-json\/wp\/v2\/users\/1"}],"replies":[{"embeddable":true,"href":"https:\/\/femstories.eu\/index.php\/wp-json\/wp\/v2\/comments?post=40"}],"version-history":[{"count":2,"href":"https:\/\/femstories.eu\/index.php\/wp-json\/wp\/v2\/pages\/40\/revisions"}],"predecessor-version":[{"id":70,"href":"https:\/\/femstories.eu\/index.php\/wp-json\/wp\/v2\/pages\/40\/revisions\/70"}],"wp:attachment":[{"href":"https:\/\/femstories.eu\/index.php\/wp-json\/wp\/v2\/media?parent=40"}],"curies":[{"name":"wp","href":"https:\/\/api.w.org\/{rel}","templated":true}]}}